{"id":2,"date":"2026-05-15T12:26:23","date_gmt":"2026-05-15T12:26:23","guid":{"rendered":"http:\/\/depon.net\/?page_id=2"},"modified":"2026-05-15T15:18:33","modified_gmt":"2026-05-15T15:18:33","slug":"sample-page","status":"publish","type":"page","link":"https:\/\/depon.net\/?page_id=2","title":{"rendered":"Impressum"},"content":{"rendered":"\n<p>Diese Seite ist gehostet von<\/p>\n\n\n\n<p>Martin Brenn (<a href=\"mailto:brenn@depon.net\">brenn@depon.net<\/a>) <br>Catharina-Lothary Stra\u00dfe 9 <\/p>\n\n\n\n<p>55130 Mainz<\/p>\n\n\n\n<p>Das Kontaktieren f\u00fcr jede Art von Werbung ist unerw\u00fcnscht und nicht gestattet. <\/p>\n\n\n\n<p>Diese Seite hat keine gewerbliche Absichten und stellt eine pers\u00f6nliche Ansicht dar.  <\/p>\n\n\n\n<p><\/p>\n","protected":false},"excerpt":{"rendered":"<p>Diese Seite ist gehostet von Martin Brenn (brenn@depon.net) Catharina-Lothary Stra\u00dfe 9 55130 Mainz Das Kontaktieren f\u00fcr jede Art von Werbung ist unerw\u00fcnscht und nicht gestattet. Diese Seite hat keine gewerbliche Absichten und stellt eine pers\u00f6nliche Ansicht dar.<\/p>\n","protected":false},"author":1,"featured_media":0,"parent":0,"menu_order":0,"comment_status":"closed","ping_status":"open","template":"","meta":{"footnotes":""},"class_list":["post-2","page","type-page","status-publish","hentry"],"_links":{"self":[{"href":"https:\/\/depon.net\/index.php?rest_route=\/wp\/v2\/pages\/2","targetHints":{"allow":["GET"]}}],"collection":[{"href":"https:\/\/depon.net\/index.php?rest_route=\/wp\/v2\/pages"}],"about":[{"href":"https:\/\/depon.net\/index.php?rest_route=\/wp\/v2\/types\/page"}],"author":[{"embeddable":true,"href":"https:\/\/depon.net\/index.php?rest_route=\/wp\/v2\/users\/1"}],"replies":[{"embeddable":true,"href":"https:\/\/depon.net\/index.php?rest_route=%2Fwp%2Fv2%2Fcomments&post=2"}],"version-history":[{"count":2,"href":"https:\/\/depon.net\/index.php?rest_route=\/wp\/v2\/pages\/2\/revisions"}],"predecessor-version":[{"id":17,"href":"https:\/\/depon.net\/index.php?rest_route=\/wp\/v2\/pages\/2\/revisions\/17"}],"wp:attachment":[{"href":"https:\/\/depon.net\/index.php?rest_route=%2Fwp%2Fv2%2Fmedia&parent=2"}],"curies":[{"name":"wp","href":"https:\/\/api.w.org\/{rel}","templated":true}]}}